{"id":772,"date":"2013-01-06T23:50:06","date_gmt":"2013-01-06T21:50:06","guid":{"rendered":"http:\/\/humanoids.be\/log\/?page_id=772"},"modified":"2017-10-26T11:28:10","modified_gmt":"2017-10-26T09:28:10","slug":"uber","status":"publish","type":"page","link":"https:\/\/humanoids.be\/log\/uber\/","title":{"rendered":"\u00dcber"},"content":{"rendered":"<p>Ich heisse Martin und blogge <a href=\"http:\/\/humanoids.be\/log\/2008\/09\/alter-blog\/\">seit 2008<\/a> unter dem Pseudonym Humanoid. Zuerst k\u00e4mpfte ich noch gegen den Rest der Welt, diese pubertierende Rebellion ist inzwischen vor\u00fcber und ich habe mich zum allerlei Techblogger entwickelt. Oder Nischenmetatechnikblogger. So w\u00fcrde <a rel=\"noopener nofollow\" href=\"https:\/\/twitter.com\/freaktechnik\/status\/362662264765038592\">ich mich<\/a> jedenfalls bezeichnen. Ich bin keine zuverl\u00e4ssige Nachrichtenquelle und blogge meist nur f\u00fcr die Suchmaschinen. Wenn ich meinen Blog auf drei Themen einschr\u00e4nken m\u00fcsste, so w\u00e4ren es wohl Mozilla, Android und <a href=\"http:\/\/qubetubers.com\">Games<\/a>. Falls das drei gleichwertige Themen sind.<\/p>\n<p>Ich programmiere auch aktiv. Am liebsten habe ich das Web, also HTML, CSS &amp; JS. Nat\u00fcrlich kann ich auch PHP, sowie Java und etwas C++. Ich entwickle <a rel=\"noopener nofollow\" href=\"https:\/\/addons.mozilla.org\/de\/firefox\/user\/466070\/\">Add-ons<\/a> f\u00fcr Firefox.<\/p>\n<p>Neben allem Computerkram habe ich sehr gerne <a rel=\"noopener nofollow\" href=\"https:\/\/soundcloud.com\/martinagiger\">Musik<\/a>. Am liebsten h\u00f6re ich <a rel=\"noopener nofollow\" href=\"http:\/\/www.arminvanbuuren.com\/\">Trance<\/a>. Musik mache ich auch selber; ich spiele <a rel=\"noopener nofollow\" href=\"http:\/\/de.wikipedia.org\/wiki\/Euphonium\">Euphonium<\/a>. Ich habe auch schon <a href=\"http:\/\/humanoids.be\/log\/2010\/01\/musik\/\">Versuche gemacht<\/a>, selber elektronische Musik zu mixen, das ist aber langsam untergegangen. Manchmal h\u00e4tte ich noch Lust darauf, aber das ist meist in Situationen, in denen dazu einfach keine Zeit ist.<\/p>\n","protected":false},"excerpt":{"rendered":"<p>Ich heisse Martin und blogge seit 2008 unter dem Pseudonym Humanoid. Zuerst k\u00e4mpfte ich noch gegen den Rest der Welt, diese pubertierende Rebellion ist inzwischen vor\u00fcber und ich habe mich zum allerlei Techblogger entwickelt. Oder Nischenmetatechnikblogger. So w\u00fcrde ich mich jedenfalls bezeichnen. Ich bin keine zuverl\u00e4ssige Nachrichtenquelle und blogge meist nur f\u00fcr die Suchmaschinen. Wenn &hellip; <\/p>\n<p class=\"link-more\"><a href=\"https:\/\/humanoids.be\/log\/uber\/\" class=\"more-link\">Continue reading<span class=\"screen-reader-text\"> &#8220;\u00dcber&#8221;<\/span><\/a><\/p>\n","protected":false},"author":2,"featured_media":3106,"parent":0,"menu_order":0,"comment_status":"closed","ping_status":"closed","template":"","meta":{"jetpack_post_was_ever_published":false,"footnotes":""},"class_list":["post-772","page","type-page","status-publish","has-post-thumbnail","hentry"],"yoast_head":"<!-- This site is optimized with the Yoast SEO plugin v27.3 - https:\/\/yoast.com\/product\/yoast-seo-wordpress\/ -->\n<title>\u00dcber - Humanoids beLog<\/title>\n<meta name=\"description\" content=\"Ich heisse Martin und blogge seit 2008 unter dem Pseudonym Humanoid. Zuerst k\u00e4mpfte ich noch gegen den Rest der Welt, diese pubertierende Rebellion ist\" \/>\n<meta name=\"robots\" content=\"index, follow, max-snippet:-1, max-image-preview:large, max-video-preview:-1\" \/>\n<link rel=\"canonical\" href=\"https:\/\/humanoids.be\/log\/uber\/\" \/>\n<meta property=\"og:locale\" content=\"en_US\" \/>\n<meta property=\"og:type\" content=\"article\" \/>\n<meta property=\"og:title\" content=\"\u00dcber - Humanoids beLog\" \/>\n<meta property=\"og:description\" content=\"Ich heisse Martin und blogge seit 2008 unter dem Pseudonym Humanoid. Zuerst k\u00e4mpfte ich noch gegen den Rest der Welt, diese pubertierende Rebellion ist\" \/>\n<meta property=\"og:url\" content=\"https:\/\/humanoids.be\/log\/uber\/\" \/>\n<meta property=\"og:site_name\" content=\"Humanoids beLog\" \/>\n<meta property=\"article:publisher\" content=\"https:\/\/www.facebook.com\/humanoidsbelog\" \/>\n<meta property=\"article:modified_time\" content=\"2017-10-26T09:28:10+00:00\" \/>\n<meta property=\"og:image\" content=\"https:\/\/humanoids.be\/log\/wp-content\/uploads\/2013\/01\/DSC01990-1038x690.jpg\" \/>\n\t<meta property=\"og:image:width\" content=\"1038\" \/>\n\t<meta property=\"og:image:height\" content=\"690\" \/>\n\t<meta property=\"og:image:type\" content=\"image\/jpeg\" \/>\n<meta name=\"twitter:card\" content=\"summary_large_image\" \/>\n<meta name=\"twitter:site\" content=\"@freaktechnik\" \/>\n<meta name=\"twitter:label1\" content=\"Est. reading time\" \/>\n\t<meta name=\"twitter:data1\" content=\"1 minute\" \/>\n<script type=\"application\/ld+json\" class=\"yoast-schema-graph\">{\"@context\":\"https:\\\/\\\/schema.org\",\"@graph\":[{\"@type\":\"WebPage\",\"@id\":\"https:\\\/\\\/humanoids.be\\\/log\\\/uber\\\/\",\"url\":\"https:\\\/\\\/humanoids.be\\\/log\\\/uber\\\/\",\"name\":\"\u00dcber - Humanoids beLog\",\"isPartOf\":{\"@id\":\"https:\\\/\\\/humanoids.be\\\/log\\\/#website\"},\"primaryImageOfPage\":{\"@id\":\"https:\\\/\\\/humanoids.be\\\/log\\\/uber\\\/#primaryimage\"},\"image\":{\"@id\":\"https:\\\/\\\/humanoids.be\\\/log\\\/uber\\\/#primaryimage\"},\"thumbnailUrl\":\"https:\\\/\\\/humanoids.be\\\/log\\\/wp-content\\\/uploads\\\/2013\\\/01\\\/DSC01990.jpg\",\"datePublished\":\"2013-01-06T21:50:06+00:00\",\"dateModified\":\"2017-10-26T09:28:10+00:00\",\"description\":\"Ich heisse Martin und blogge seit 2008 unter dem Pseudonym Humanoid. Zuerst k\u00e4mpfte ich noch gegen den Rest der Welt, diese pubertierende Rebellion ist\",\"breadcrumb\":{\"@id\":\"https:\\\/\\\/humanoids.be\\\/log\\\/uber\\\/#breadcrumb\"},\"inLanguage\":\"en-US\",\"potentialAction\":[{\"@type\":\"ReadAction\",\"target\":[\"https:\\\/\\\/humanoids.be\\\/log\\\/uber\\\/\"]}]},{\"@type\":\"ImageObject\",\"inLanguage\":\"en-US\",\"@id\":\"https:\\\/\\\/humanoids.be\\\/log\\\/uber\\\/#primaryimage\",\"url\":\"https:\\\/\\\/humanoids.be\\\/log\\\/wp-content\\\/uploads\\\/2013\\\/01\\\/DSC01990.jpg\",\"contentUrl\":\"https:\\\/\\\/humanoids.be\\\/log\\\/wp-content\\\/uploads\\\/2013\\\/01\\\/DSC01990.jpg\",\"width\":4912,\"height\":3264,\"caption\":\"SONY DSC\"},{\"@type\":\"BreadcrumbList\",\"@id\":\"https:\\\/\\\/humanoids.be\\\/log\\\/uber\\\/#breadcrumb\",\"itemListElement\":[{\"@type\":\"ListItem\",\"position\":1,\"name\":\"Home\",\"item\":\"https:\\\/\\\/humanoids.be\\\/log\\\/\"},{\"@type\":\"ListItem\",\"position\":2,\"name\":\"\u00dcber\"}]},{\"@type\":\"WebSite\",\"@id\":\"https:\\\/\\\/humanoids.be\\\/log\\\/#website\",\"url\":\"https:\\\/\\\/humanoids.be\\\/log\\\/\",\"name\":\"Humanoids beLog\",\"description\":\"\",\"potentialAction\":[{\"@type\":\"SearchAction\",\"target\":{\"@type\":\"EntryPoint\",\"urlTemplate\":\"https:\\\/\\\/humanoids.be\\\/log\\\/?s={search_term_string}\"},\"query-input\":{\"@type\":\"PropertyValueSpecification\",\"valueRequired\":true,\"valueName\":\"search_term_string\"}}],\"inLanguage\":\"en-US\"}]}<\/script>\n<!-- \/ Yoast SEO plugin. -->","yoast_head_json":{"title":"\u00dcber - Humanoids beLog","description":"Ich heisse Martin und blogge seit 2008 unter dem Pseudonym Humanoid. Zuerst k\u00e4mpfte ich noch gegen den Rest der Welt, diese pubertierende Rebellion ist","robots":{"index":"index","follow":"follow","max-snippet":"max-snippet:-1","max-image-preview":"max-image-preview:large","max-video-preview":"max-video-preview:-1"},"canonical":"https:\/\/humanoids.be\/log\/uber\/","og_locale":"en_US","og_type":"article","og_title":"\u00dcber - Humanoids beLog","og_description":"Ich heisse Martin und blogge seit 2008 unter dem Pseudonym Humanoid. Zuerst k\u00e4mpfte ich noch gegen den Rest der Welt, diese pubertierende Rebellion ist","og_url":"https:\/\/humanoids.be\/log\/uber\/","og_site_name":"Humanoids beLog","article_publisher":"https:\/\/www.facebook.com\/humanoidsbelog","article_modified_time":"2017-10-26T09:28:10+00:00","og_image":[{"width":1038,"height":690,"url":"https:\/\/humanoids.be\/log\/wp-content\/uploads\/2013\/01\/DSC01990-1038x690.jpg","type":"image\/jpeg"}],"twitter_card":"summary_large_image","twitter_site":"@freaktechnik","twitter_misc":{"Est. reading time":"1 minute"},"schema":{"@context":"https:\/\/schema.org","@graph":[{"@type":"WebPage","@id":"https:\/\/humanoids.be\/log\/uber\/","url":"https:\/\/humanoids.be\/log\/uber\/","name":"\u00dcber - Humanoids beLog","isPartOf":{"@id":"https:\/\/humanoids.be\/log\/#website"},"primaryImageOfPage":{"@id":"https:\/\/humanoids.be\/log\/uber\/#primaryimage"},"image":{"@id":"https:\/\/humanoids.be\/log\/uber\/#primaryimage"},"thumbnailUrl":"https:\/\/humanoids.be\/log\/wp-content\/uploads\/2013\/01\/DSC01990.jpg","datePublished":"2013-01-06T21:50:06+00:00","dateModified":"2017-10-26T09:28:10+00:00","description":"Ich heisse Martin und blogge seit 2008 unter dem Pseudonym Humanoid. Zuerst k\u00e4mpfte ich noch gegen den Rest der Welt, diese pubertierende Rebellion ist","breadcrumb":{"@id":"https:\/\/humanoids.be\/log\/uber\/#breadcrumb"},"inLanguage":"en-US","potentialAction":[{"@type":"ReadAction","target":["https:\/\/humanoids.be\/log\/uber\/"]}]},{"@type":"ImageObject","inLanguage":"en-US","@id":"https:\/\/humanoids.be\/log\/uber\/#primaryimage","url":"https:\/\/humanoids.be\/log\/wp-content\/uploads\/2013\/01\/DSC01990.jpg","contentUrl":"https:\/\/humanoids.be\/log\/wp-content\/uploads\/2013\/01\/DSC01990.jpg","width":4912,"height":3264,"caption":"SONY DSC"},{"@type":"BreadcrumbList","@id":"https:\/\/humanoids.be\/log\/uber\/#breadcrumb","itemListElement":[{"@type":"ListItem","position":1,"name":"Home","item":"https:\/\/humanoids.be\/log\/"},{"@type":"ListItem","position":2,"name":"\u00dcber"}]},{"@type":"WebSite","@id":"https:\/\/humanoids.be\/log\/#website","url":"https:\/\/humanoids.be\/log\/","name":"Humanoids beLog","description":"","potentialAction":[{"@type":"SearchAction","target":{"@type":"EntryPoint","urlTemplate":"https:\/\/humanoids.be\/log\/?s={search_term_string}"},"query-input":{"@type":"PropertyValueSpecification","valueRequired":true,"valueName":"search_term_string"}}],"inLanguage":"en-US"}]}},"jetpack_sharing_enabled":true,"_links":{"self":[{"href":"https:\/\/humanoids.be\/log\/wp-json\/wp\/v2\/pages\/772","targetHints":{"allow":["GET"]}}],"collection":[{"href":"https:\/\/humanoids.be\/log\/wp-json\/wp\/v2\/pages"}],"about":[{"href":"https:\/\/humanoids.be\/log\/wp-json\/wp\/v2\/types\/page"}],"author":[{"embeddable":true,"href":"https:\/\/humanoids.be\/log\/wp-json\/wp\/v2\/users\/2"}],"replies":[{"embeddable":true,"href":"https:\/\/humanoids.be\/log\/wp-json\/wp\/v2\/comments?post=772"}],"version-history":[{"count":5,"href":"https:\/\/humanoids.be\/log\/wp-json\/wp\/v2\/pages\/772\/revisions"}],"predecessor-version":[{"id":3144,"href":"https:\/\/humanoids.be\/log\/wp-json\/wp\/v2\/pages\/772\/revisions\/3144"}],"wp:featuredmedia":[{"embeddable":true,"href":"https:\/\/humanoids.be\/log\/wp-json\/wp\/v2\/media\/3106"}],"wp:attachment":[{"href":"https:\/\/humanoids.be\/log\/wp-json\/wp\/v2\/media?parent=772"}],"curies":[{"name":"wp","href":"https:\/\/api.w.org\/{rel}","templated":true}]}}